{"id":1181,"date":"2015-08-20T14:51:14","date_gmt":"2015-08-20T13:51:14","guid":{"rendered":"http:\/\/www.goudenkruisdragers.nl\/wp\/?page_id=1181"},"modified":"2024-04-20T16:27:10","modified_gmt":"2024-04-20T15:27:10","slug":"vrijwilligers","status":"publish","type":"page","link":"https:\/\/www.goudenkruisdragers.nl\/wp\/de\/vrijwilligers\/","title":{"rendered":"Freiwillige"},"content":{"rendered":"[vc_row type=&#8220;in_container&#8220; full_screen_row_position=&#8220;middle&#8220; scene_position=&#8220;center&#8220; text_color=&#8220;dark&#8220; text_align=&#8220;left&#8220; overlay_strength=&#8220;0.3&#8243; shape_divider_position=&#8220;bottom&#8220; bg_image_animation=&#8220;none&#8220;][vc_column column_padding=&#8220;no-extra-padding&#8220; column_padding_position=&#8220;all&#8220; background_color_opacity=&#8220;1&#8243; background_hover_color_opacity=&#8220;1&#8243; column_link_target=&#8220;_self&#8220; column_shadow=&#8220;none&#8220; column_border_radius=&#8220;none&#8220; width=&#8220;1\/1&#8243; tablet_width_inherit=&#8220;default&#8220; tablet_text_alignment=&#8220;default&#8220; phone_text_alignment=&#8220;default&#8220; column_border_width=&#8220;none&#8220; column_border_style=&#8220;solid&#8220; bg_image_animation=&#8220;none&#8220;]<style type=\"text\/css\">@media only screen and (min-width: 1300px) { #nectar-slider-instance-1, #nectar-slider-instance-1 .swiper-container { height: 400px; }  } @media only screen and (max-width: 1299px) { #nectar-slider-instance-1, #nectar-slider-instance-1 .swiper-container { height: 333.33333333333px; }  } @media only screen and (max-width: 1000px) { #nectar-slider-instance-1, #nectar-slider-instance-1 .swiper-container { height: 285.71428571429px; }  } @media only screen and (max-width: 690px) { #nectar-slider-instance-1, #nectar-slider-instance-1 .swiper-container { height: 148.14814814815px; }  } <\/style><div  data-transition=\"slide\" data-overall_style=\"classic\" data-flexible-height=\"\" data-animate-in-effect=\"none\" data-fullscreen=\"false\" data-button-sizing=\"regular\" data-button-styling=\"btn_with_count\" data-autorotate=\"\" data-parallax=\"false\" data-parallax-disable-mobile=\"\" data-caption-trans=\"fade_in_from_bottom\" data-parallax-style=\"bg_only\" data-bg-animation=\"none\" data-full-width=\"true\" class=\"nectar-slider-wrap \" id=\"nectar-slider-instance-1\"><div class=\"swiper-container\"  data-tho=\"auto\" data-tco=\"auto\" data-pho=\"auto\" data-pco=\"auto\" data-loop=\"false\" data-height=\"400\" data-min-height=\"\" data-arrows=\"false\" data-bullets=\"false\" data-bullet_style=\"see_through\" data-bullet_position=\"bottom\" data-desktop-swipe=\"false\" data-settings=\"\"> <div class=\"swiper-wrapper\"><div class=\"swiper-slide\" data-desktop-content-width=\"\" data-tablet-content-width=\"\" data-bg-alignment=\"center\" data-color-scheme=\"light\" data-x-pos=\"left\" data-y-pos=\"middle\" ><div class=\"slide-bg-wrap\"><div class=\"image-bg\" style=\"background-image: url(https:\/\/www.goudenkruisdragers.nl\/wp\/wp-content\/uploads\/2016\/01\/vierdaagse-2013.jpg);\"> &nbsp; <\/div><\/div><div class=\"video-texture \"> <span class=\"ie-fix\"><\/span> <\/div><\/div> <!--\/swiper-slide--><\/div><div class=\"nectar-slider-loading \"> <span class=\"loading-icon spin\">   <\/span> <\/div> <\/div> \r\n\t\t\t\t\t\r\n\t\t\t\t\t<\/div>[\/vc_column][\/vc_row][vc_row type=&#8220;in_container&#8220; full_screen_row_position=&#8220;middle&#8220; scene_position=&#8220;center&#8220; text_color=&#8220;dark&#8220; text_align=&#8220;left&#8220; overlay_strength=&#8220;0.3&#8243; shape_divider_position=&#8220;bottom&#8220; bg_image_animation=&#8220;none&#8220;][vc_column column_padding=&#8220;no-extra-padding&#8220; column_padding_position=&#8220;all&#8220; background_color_opacity=&#8220;1&#8243; background_hover_color_opacity=&#8220;1&#8243; column_link_target=&#8220;_self&#8220; column_shadow=&#8220;none&#8220; column_border_radius=&#8220;none&#8220; width=&#8220;1\/1&#8243; tablet_width_inherit=&#8220;default&#8220; tablet_text_alignment=&#8220;default&#8220; phone_text_alignment=&#8220;default&#8220; column_border_width=&#8220;none&#8220; column_border_style=&#8220;solid&#8220; bg_image_animation=&#8220;none&#8220;][vc_column_text]\n[\/vc_column_text][\/vc_column][\/vc_row][vc_row type=&#8220;in_container&#8220; full_screen_row_position=&#8220;middle&#8220; scene_position=&#8220;center&#8220; text_color=&#8220;dark&#8220; text_align=&#8220;left&#8220; overlay_strength=&#8220;0.3&#8243; shape_divider_position=&#8220;bottom&#8220; bg_image_animation=&#8220;none&#8220;][vc_column column_padding=&#8220;no-extra-padding&#8220; column_padding_position=&#8220;all&#8220; background_color_opacity=&#8220;1&#8243; background_hover_color_opacity=&#8220;1&#8243; column_link_target=&#8220;_self&#8220; column_shadow=&#8220;none&#8220; column_border_radius=&#8220;none&#8220; width=&#8220;1\/1&#8243; tablet_width_inherit=&#8220;default&#8220; tablet_text_alignment=&#8220;default&#8220; phone_text_alignment=&#8220;default&#8220; column_border_width=&#8220;none&#8220; column_border_style=&#8220;solid&#8220; bg_image_animation=&#8220;none&#8220;][vc_column_text]\n<h4 style=\"text-align: justify;\">Die Existenz unseres Vereins und die Aktivit\u00e4ten, die wir organisieren, sind nur m\u00f6glich durch das unverzichtbare Engagement einer gro\u00dfen Zahl von Freiwilligen.<\/h4>\n[\/vc_column_text][\/vc_column][\/vc_row][vc_row type=&#8220;in_container&#8220; full_screen_row_position=&#8220;middle&#8220; scene_position=&#8220;center&#8220; text_color=&#8220;dark&#8220; text_align=&#8220;left&#8220; overlay_strength=&#8220;0.3&#8243; shape_divider_position=&#8220;bottom&#8220; bg_image_animation=&#8220;none&#8220;][vc_column column_padding=&#8220;no-extra-padding&#8220; column_padding_position=&#8220;all&#8220; background_color_opacity=&#8220;1&#8243; background_hover_color_opacity=&#8220;1&#8243; column_link_target=&#8220;_self&#8220; column_shadow=&#8220;none&#8220; column_border_radius=&#8220;none&#8220; width=&#8220;1\/2&#8243; tablet_width_inherit=&#8220;default&#8220; tablet_text_alignment=&#8220;default&#8220; phone_text_alignment=&#8220;default&#8220; column_border_width=&#8220;none&#8220; column_border_style=&#8220;solid&#8220; bg_image_animation=&#8220;none&#8220;][vc_column_text]\n<h4 style=\"text-align: justify;\"><span style=\"color: #e98300;\">Botschafter<\/span><\/h4>\n<ul>\n<li>Katrien Delanote (Belgien und Frankreich)<\/li>\n<li>Michael G\u00f6deke (Deutschland)<\/li>\n<li>Tue Henriksen-Delaney (Skandinavien)<\/li>\n<li>Susanne Keller &amp; J\u00fcrg Tschabold (Schweiz)<\/li>\n<li>Marge Petronis (Vereinigten Staaten und Kanada)<\/li>\n<li>Eiji Takemoto (Asia-Pacific)<\/li>\n<li>Hans Rennie (Vereinigtes K\u00f6ningreich)<\/li>\n<\/ul>\n<h4><span style=\"color: #e98300;\">Vereinstreffen<br \/>\n<\/span><\/h4>\n<ul>\n<li>Rino Hamelink<\/li>\n<li><\/li>\n<\/ul>\n[\/vc_column_text][vc_column_text]\n<h4><span style=\"color: #e98300;\">Finanzausschuss<\/span><\/h4>\n<ul>\n<li>Joke Poppe (2. Termin 2023-2026)<\/li>\n<li>Jose Honkoop (1. Termin 2021-2024)<\/li>\n<li>Martin Pegels (1. Termin 2024-2027)<\/li>\n<li>Ersatzmitglied: unbesetzt<\/li>\n<\/ul>\n<h4><span style=\"color: #e98300;\">Treffpunkte Vierdaagse<\/span><\/h4>\n<ul>\n<li>Francie de Leeuw<\/li>\n<li>Mien van Haaren<\/li>\n<li>Gemma Jansen<\/li>\n<li>Johnny van de Water<\/li>\n<li>Anja van de Water<\/li>\n<li>Joep Hilckmann<\/li>\n<li>Fons Kroes<\/li>\n<\/ul>\n<h4><span style=\"color: #e98300;\">Webmaster<\/span><\/h4>\n<ul>\n<li>Coen Bakker<\/li>\n<\/ul>\n<h4><span style=\"color: #e98300;\">Buchhalter<\/span><\/h4>\n<ul>\n<li>Ed Hendriks<\/li>\n<\/ul>\n[\/vc_column_text][\/vc_column][vc_column column_padding=&#8220;no-extra-padding&#8220; column_padding_position=&#8220;all&#8220; background_color_opacity=&#8220;1&#8243; background_hover_color_opacity=&#8220;1&#8243; column_link_target=&#8220;_self&#8220; column_shadow=&#8220;none&#8220; column_border_radius=&#8220;none&#8220; width=&#8220;1\/2&#8243; tablet_width_inherit=&#8220;default&#8220; tablet_text_alignment=&#8220;default&#8220; phone_text_alignment=&#8220;default&#8220; column_border_width=&#8220;none&#8220; column_border_style=&#8220;solid&#8220; bg_image_animation=&#8220;none&#8220;][vc_column_text]\n<h4><span style=\"color: #e98300;\">Mitgliederrat KWBN<\/span><\/h4>\n<ul>\n<li style=\"text-align: justify;\">Frans Leijtens<\/li>\n<\/ul>\n<h4><span style=\"color: #e98300;\">Ausschuss Ernennungen<\/span><\/h4>\n<ul>\n<li>Ruurd van Slageren<\/li>\n<li>Ton Swart<\/li>\n<li>Ynskje van den Brakel-Visser<\/li>\n<li>Francien van den Heuvel (Ersatzmitglied)<\/li>\n<\/ul>\n<h4><span style=\"color: #e98300;\">Mitgliederverwaltung<\/span><\/h4>\n<ul>\n<li>Harry van Dijk<\/li>\n<\/ul>\n<h4><span style=\"color: #e98300;\">Betriebliche Unterst\u00fctzung <\/span><span style=\"color: #e98300;\">Treffpunkte<\/span><\/h4>\n<ul>\n<li>Francie de Leeuw<\/li>\n<\/ul>\n[\/vc_column_text][vc_column_text]\n<h4><span style=\"color: #e98300;\">\u00dcbersetzer des Magazins GOUD!<\/span><\/h4>\n<ul>\n<li>Jos Knooff<\/li>\n<li>Leonie Meijer<\/li>\n<li>Ben Sluijters<\/li>\n<li>Ton Verlaan<\/li>\n<li>Arjan Versteeg<\/li>\n<\/ul>\n<h4><span style=\"color: #e98300;\">Revision deutsche \u00dcbersetzungen<\/span><\/h4>\n<ul>\n<li>Klaus op de Hipt<\/li>\n<li>Cor Bakker<\/li>\n<li>Sascha Schwarzkopf<\/li>\n<li>Pien van Gaalen<\/li>\n<li>Jan Hulsegge<\/li>\n<\/ul>\n[\/vc_column_text][\/vc_column][\/vc_row]\n","protected":false},"excerpt":{"rendered":"<p>[vc_row type=&#8220;in_container&#8220; full_screen_row_position=&#8220;middle&#8220; scene_position=&#8220;center&#8220; text_color=&#8220;dark&#8220; text_align=&#8220;left&#8220; overlay_strength=&#8220;0.3&#8243; shape_divider_position=&#8220;bottom&#8220; bg_image_animation=&#8220;none&#8220;][vc_column column_padding=&#8220;no-extra-padding&#8220; column_padding_position=&#8220;all&#8220; background_color_opacity=&#8220;1&#8243; background_hover_color_opacity=&#8220;1&#8243; column_link_target=&#8220;_self&#8220; column_shadow=&#8220;none&#8220; column_border_radius=&#8220;none&#8220; width=&#8220;1\/1&#8243; tablet_width_inherit=&#8220;default&#8220; tablet_text_alignment=&#8220;default&#8220; phone_text_alignment=&#8220;default&#8220; column_border_width=&#8220;none&#8220; column_border_style=&#8220;solid&#8220; bg_image_animation=&#8220;none&#8220;][\/vc_column][\/vc_row][vc_row type=&#8220;in_container&#8220; full_screen_row_position=&#8220;middle&#8220; scene_position=&#8220;center&#8220; text_color=&#8220;dark&#8220; text_align=&#8220;left&#8220; overlay_strength=&#8220;0.3&#8243; shape_divider_position=&#8220;bottom&#8220;&#8230;<\/p>\n","protected":false},"author":1,"featured_media":0,"parent":0,"menu_order":0,"comment_status":"open","ping_status":"open","template":"","meta":{"footnotes":""},"class_list":["post-1181","page","type-page","status-publish"],"translation":{"provider":"WPGlobus","version":"3.0.2","language":"de","enabled_languages":["nl","en","de"],"languages":{"nl":{"title":true,"content":true,"excerpt":false},"en":{"title":true,"content":true,"excerpt":false},"de":{"title":true,"content":true,"excerpt":false}}},"yoast_head":"<!-- This site is optimized with the Yoast SEO plugin v27.5 - https:\/\/yoast.com\/product\/yoast-seo-wordpress\/ -->\n<title>Freiwillige - Vereniging Gouden-Kruisdragers Vierdaagse<\/title>\n<meta name=\"robots\" content=\"index, follow, max-snippet:-1, max-image-preview:large, max-video-preview:-1\" \/>\n<link rel=\"canonical\" href=\"https:\/\/www.goudenkruisdragers.nl\/wp\/vrijwilligers\/\" \/>\n<meta property=\"og:locale\" content=\"de_DE\" \/>\n<meta property=\"og:type\" content=\"article\" \/>\n<meta property=\"og:title\" content=\"Freiwillige - Vereniging Gouden-Kruisdragers Vierdaagse\" \/>\n<meta property=\"og:url\" content=\"https:\/\/www.goudenkruisdragers.nl\/wp\/vrijwilligers\/\" \/>\n<meta property=\"og:site_name\" content=\"Vereniging Gouden-Kruisdragers Vierdaagse\" \/>\n<meta property=\"article:publisher\" content=\"http:\/\/www.facebook.com\/groups\/goudenkruisdragers\" \/>\n<meta property=\"article:modified_time\" content=\"2024-04-20T15:27:10+00:00\" \/>\n<meta name=\"twitter:card\" content=\"summary_large_image\" \/>\n<meta name=\"twitter:label1\" content=\"Gesch\u00e4tzte Lesezeit\" \/>\n\t<meta name=\"twitter:data1\" content=\"2 Minuten\" \/>\n<script type=\"application\/ld+json\" class=\"yoast-schema-graph\">{\"@context\":\"https:\\\/\\\/schema.org\",\"@graph\":[{\"@type\":\"WebPage\",\"@id\":\"https:\\\/\\\/www.goudenkruisdragers.nl\\\/wp\\\/vrijwilligers\\\/\",\"url\":\"https:\\\/\\\/www.goudenkruisdragers.nl\\\/wp\\\/vrijwilligers\\\/\",\"name\":\"Freiwillige - Vereniging Gouden-Kruisdragers Vierdaagse\",\"isPartOf\":{\"@id\":\"https:\\\/\\\/www.goudenkruisdragers.nl\\\/wp\\\/#website\"},\"datePublished\":\"2015-08-20T13:51:14+00:00\",\"dateModified\":\"2024-04-20T15:27:10+00:00\",\"description\":\"Het bestaan van onze vereniging en de activiteiten die wij organiseren, worden mogelijk gemaakt door de onmisbare inzet van een groot aantal vrijwilligers.\",\"breadcrumb\":{\"@id\":\"https:\\\/\\\/www.goudenkruisdragers.nl\\\/wp\\\/vrijwilligers\\\/#breadcrumb\"},\"inLanguage\":\"de-DE\",\"potentialAction\":[{\"@type\":\"ReadAction\",\"target\":[\"https:\\\/\\\/www.goudenkruisdragers.nl\\\/wp\\\/vrijwilligers\\\/\"]}]},{\"@type\":\"BreadcrumbList\",\"@id\":\"https:\\\/\\\/www.goudenkruisdragers.nl\\\/wp\\\/vrijwilligers\\\/#breadcrumb\",\"itemListElement\":[{\"@type\":\"ListItem\",\"position\":1,\"name\":\"Home\",\"item\":\"https:\\\/\\\/www.goudenkruisdragers.nl\\\/wp\\\/\"},{\"@type\":\"ListItem\",\"position\":2,\"name\":\"Vrijwilligers\"}]},{\"@type\":\"WebSite\",\"@id\":\"https:\\\/\\\/www.goudenkruisdragers.nl\\\/wp\\\/#website\",\"url\":\"https:\\\/\\\/www.goudenkruisdragers.nl\\\/wp\\\/\",\"name\":\"Vereniging Gouden-Kruisdragers Vierdaagse\",\"description\":\"Het felbegeerde Gouden Vierdaagsekruis wordt uitgereikt aan diegenen die 10 keer succesvol de Nijmeegse Vierdaagse voltooien. Dat is wanneer je lid kunt worden van de Vereniging Gouden-Kruisdragers Vierdaagse.\",\"publisher\":{\"@id\":\"https:\\\/\\\/www.goudenkruisdragers.nl\\\/wp\\\/#organization\"},\"potentialAction\":[{\"@type\":\"SearchAction\",\"target\":{\"@type\":\"EntryPoint\",\"urlTemplate\":\"https:\\\/\\\/www.goudenkruisdragers.nl\\\/wp\\\/?s={search_term_string}\"},\"query-input\":{\"@type\":\"PropertyValueSpecification\",\"valueRequired\":true,\"valueName\":\"search_term_string\"}}],\"inLanguage\":\"de-DE\"},{\"@type\":\"Organization\",\"@id\":\"https:\\\/\\\/www.goudenkruisdragers.nl\\\/wp\\\/#organization\",\"name\":\"Vereniging Gouden-Kruisdragers Vierdaagse\",\"url\":\"https:\\\/\\\/www.goudenkruisdragers.nl\\\/wp\\\/\",\"logo\":{\"@type\":\"ImageObject\",\"inLanguage\":\"de-DE\",\"@id\":\"https:\\\/\\\/www.goudenkruisdragers.nl\\\/wp\\\/#\\\/schema\\\/logo\\\/image\\\/\",\"url\":\"https:\\\/\\\/www.goudenkruisdragers.nl\\\/wp\\\/wp-content\\\/uploads\\\/2015\\\/11\\\/cropped-Logo_kruisdragers_transpara.png\",\"contentUrl\":\"https:\\\/\\\/www.goudenkruisdragers.nl\\\/wp\\\/wp-content\\\/uploads\\\/2015\\\/11\\\/cropped-Logo_kruisdragers_transpara.png\",\"width\":512,\"height\":512,\"caption\":\"Vereniging Gouden-Kruisdragers Vierdaagse\"},\"image\":{\"@id\":\"https:\\\/\\\/www.goudenkruisdragers.nl\\\/wp\\\/#\\\/schema\\\/logo\\\/image\\\/\"},\"sameAs\":[\"http:\\\/\\\/www.facebook.com\\\/groups\\\/goudenkruisdragers\"]}]}<\/script>\n<!-- \/ Yoast SEO plugin. -->","yoast_head_json":{"title":"Freiwillige - Vereniging Gouden-Kruisdragers Vierdaagse","robots":{"index":"index","follow":"follow","max-snippet":"max-snippet:-1","max-image-preview":"max-image-preview:large","max-video-preview":"max-video-preview:-1"},"canonical":"https:\/\/www.goudenkruisdragers.nl\/wp\/vrijwilligers\/","og_locale":"de_DE","og_type":"article","og_title":"Freiwillige - Vereniging Gouden-Kruisdragers Vierdaagse","og_url":"https:\/\/www.goudenkruisdragers.nl\/wp\/vrijwilligers\/","og_site_name":"Vereniging Gouden-Kruisdragers Vierdaagse","article_publisher":"http:\/\/www.facebook.com\/groups\/goudenkruisdragers","article_modified_time":"2024-04-20T15:27:10+00:00","twitter_card":"summary_large_image","twitter_misc":{"Gesch\u00e4tzte Lesezeit":"2 Minuten"},"schema":{"@context":"https:\/\/schema.org","@graph":[{"@type":"WebPage","@id":"https:\/\/www.goudenkruisdragers.nl\/wp\/vrijwilligers\/","url":"https:\/\/www.goudenkruisdragers.nl\/wp\/vrijwilligers\/","name":"Freiwillige - Vereniging Gouden-Kruisdragers Vierdaagse","isPartOf":{"@id":"https:\/\/www.goudenkruisdragers.nl\/wp\/#website"},"datePublished":"2015-08-20T13:51:14+00:00","dateModified":"2024-04-20T15:27:10+00:00","description":"Het bestaan van onze vereniging en de activiteiten die wij organiseren, worden mogelijk gemaakt door de onmisbare inzet van een groot aantal vrijwilligers.","breadcrumb":{"@id":"https:\/\/www.goudenkruisdragers.nl\/wp\/vrijwilligers\/#breadcrumb"},"inLanguage":"de-DE","potentialAction":[{"@type":"ReadAction","target":["https:\/\/www.goudenkruisdragers.nl\/wp\/vrijwilligers\/"]}]},{"@type":"BreadcrumbList","@id":"https:\/\/www.goudenkruisdragers.nl\/wp\/vrijwilligers\/#breadcrumb","itemListElement":[{"@type":"ListItem","position":1,"name":"Home","item":"https:\/\/www.goudenkruisdragers.nl\/wp\/"},{"@type":"ListItem","position":2,"name":"Vrijwilligers"}]},{"@type":"WebSite","@id":"https:\/\/www.goudenkruisdragers.nl\/wp\/#website","url":"https:\/\/www.goudenkruisdragers.nl\/wp\/","name":"Vereniging Gouden-Kruisdragers Vierdaagse","description":"Het felbegeerde Gouden Vierdaagsekruis wordt uitgereikt aan diegenen die 10 keer succesvol de Nijmeegse Vierdaagse voltooien. Dat is wanneer je lid kunt worden van de Vereniging Gouden-Kruisdragers Vierdaagse.","publisher":{"@id":"https:\/\/www.goudenkruisdragers.nl\/wp\/#organization"},"potentialAction":[{"@type":"SearchAction","target":{"@type":"EntryPoint","urlTemplate":"https:\/\/www.goudenkruisdragers.nl\/wp\/?s={search_term_string}"},"query-input":{"@type":"PropertyValueSpecification","valueRequired":true,"valueName":"search_term_string"}}],"inLanguage":"de-DE"},{"@type":"Organization","@id":"https:\/\/www.goudenkruisdragers.nl\/wp\/#organization","name":"Vereniging Gouden-Kruisdragers Vierdaagse","url":"https:\/\/www.goudenkruisdragers.nl\/wp\/","logo":{"@type":"ImageObject","inLanguage":"de-DE","@id":"https:\/\/www.goudenkruisdragers.nl\/wp\/#\/schema\/logo\/image\/","url":"https:\/\/www.goudenkruisdragers.nl\/wp\/wp-content\/uploads\/2015\/11\/cropped-Logo_kruisdragers_transpara.png","contentUrl":"https:\/\/www.goudenkruisdragers.nl\/wp\/wp-content\/uploads\/2015\/11\/cropped-Logo_kruisdragers_transpara.png","width":512,"height":512,"caption":"Vereniging Gouden-Kruisdragers Vierdaagse"},"image":{"@id":"https:\/\/www.goudenkruisdragers.nl\/wp\/#\/schema\/logo\/image\/"},"sameAs":["http:\/\/www.facebook.com\/groups\/goudenkruisdragers"]}]}},"_links":{"self":[{"href":"https:\/\/www.goudenkruisdragers.nl\/wp\/de\/wp-json\/wp\/v2\/pages\/1181","targetHints":{"allow":["GET"]}}],"collection":[{"href":"https:\/\/www.goudenkruisdragers.nl\/wp\/de\/wp-json\/wp\/v2\/pages"}],"about":[{"href":"https:\/\/www.goudenkruisdragers.nl\/wp\/de\/wp-json\/wp\/v2\/types\/page"}],"author":[{"embeddable":true,"href":"https:\/\/www.goudenkruisdragers.nl\/wp\/de\/wp-json\/wp\/v2\/users\/1"}],"replies":[{"embeddable":true,"href":"https:\/\/www.goudenkruisdragers.nl\/wp\/de\/wp-json\/wp\/v2\/comments?post=1181"}],"version-history":[{"count":134,"href":"https:\/\/www.goudenkruisdragers.nl\/wp\/de\/wp-json\/wp\/v2\/pages\/1181\/revisions"}],"predecessor-version":[{"id":11454,"href":"https:\/\/www.goudenkruisdragers.nl\/wp\/de\/wp-json\/wp\/v2\/pages\/1181\/revisions\/11454"}],"wp:attachment":[{"href":"https:\/\/www.goudenkruisdragers.nl\/wp\/de\/wp-json\/wp\/v2\/media?parent=1181"}],"curies":[{"name":"wp","href":"https:\/\/api.w.org\/{rel}","templated":true}]}}